{"id":41,"date":"2023-08-15T15:34:21","date_gmt":"2023-08-15T13:34:21","guid":{"rendered":"http:\/\/lpdata.cz\/?page_id=41"},"modified":"2023-08-15T15:34:21","modified_gmt":"2023-08-15T13:34:21","slug":"o-nas","status":"publish","type":"page","link":"https:\/\/lpdata.cz\/index.php\/o-nas\/","title":{"rendered":"O n\u00e1s"},"content":{"rendered":"\n<p><strong>LPdata s.r.o.<\/strong><\/p>\n\n\n\n<p>Kolov\u00e1 60<\/p>\n\n\n\n<p>360 01 Kolov\u00e1<\/p>\n\n\n\n<p>I\u010c: 01629409, DI\u010c: CZ01629409<\/p>\n\n\n\n<p>Spisov\u00e1 zna\u010dka: C 28664 veden\u00e1 u Krajsk\u00e9ho soudu v Plzni<\/p>\n\n\n\n<p>Email: info@lpdata.cz<\/p>\n\n\n\n<p>Tel.: +420 722 289 210<\/p>\n","protected":false},"excerpt":{"rendered":"<p>LPdata s.r.o. Kolov\u00e1 60 360 01 Kolov\u00e1 I\u010c: 01629409, DI\u010c: CZ01629409 Spisov\u00e1 zna\u010dka: C 28664 veden\u00e1 u Krajsk\u00e9ho soudu v Plzni Email: info@lpdata.cz Tel.: +420 722 289 210<\/p>\n","protected":false},"author":1,"featured_media":0,"parent":0,"menu_order":0,"comment_status":"closed","ping_status":"closed","template":"","meta":{"footnotes":""},"class_list":["post-41","page","type-page","status-publish","hentry"],"_links":{"self":[{"href":"https:\/\/lpdata.cz\/index.php\/wp-json\/wp\/v2\/pages\/41","targetHints":{"allow":["GET"]}}],"collection":[{"href":"https:\/\/lpdata.cz\/index.php\/wp-json\/wp\/v2\/pages"}],"about":[{"href":"https:\/\/lpdata.cz\/index.php\/wp-json\/wp\/v2\/types\/page"}],"author":[{"embeddable":true,"href":"https:\/\/lpdata.cz\/index.php\/wp-json\/wp\/v2\/users\/1"}],"replies":[{"embeddable":true,"href":"https:\/\/lpdata.cz\/index.php\/wp-json\/wp\/v2\/comments?post=41"}],"version-history":[{"count":1,"href":"https:\/\/lpdata.cz\/index.php\/wp-json\/wp\/v2\/pages\/41\/revisions"}],"predecessor-version":[{"id":42,"href":"https:\/\/lpdata.cz\/index.php\/wp-json\/wp\/v2\/pages\/41\/revisions\/42"}],"wp:attachment":[{"href":"https:\/\/lpdata.cz\/index.php\/wp-json\/wp\/v2\/media?parent=41"}],"curies":[{"name":"wp","href":"https:\/\/api.w.org\/{rel}","templated":true}]}}